{"id":234111,"date":"2026-01-09T16:10:17","date_gmt":"2026-01-09T15:10:17","guid":{"rendered":"https:\/\/sds.mt\/?page_id=234111"},"modified":"2026-01-09T16:18:48","modified_gmt":"2026-01-09T15:18:48","slug":"kastell-fir-ramel-sandcastle","status":"publish","type":"page","link":"https:\/\/sds.mt\/mt\/kastell-fir-ramel-sandcastle\/","title":{"rendered":"Kastell fir-Ramel &#8211; Sandcastle"},"content":{"rendered":"\t\t<div data-elementor-type=\"wp-page\" data-elementor-id=\"234111\" class=\"elementor elementor-234111 elementor-234094\" data-elementor-post-type=\"page\">\n\t\t\t\t\t\t<section class=\"elementor-section elementor-top-section elementor-element elementor-element-3a7e998 elementor-section-full_width elementor-section-height-min-height elementor-section-stretched elementor-section-height-default elementor-section-items-middle\" data-id=\"3a7e998\" data-element_type=\"section\" data-settings=\"{&quot;stretch_section&quot;:&quot;section-stretched&quot;,&quot;background_background&quot;:&quot;classic&quot;}\">\n\t\t\t\t\t\t<div class=\"elementor-container elementor-column-gap-default\">\n\t\t\t\t\t<div class=\"elementor-column elementor-col-100 elementor-top-column elementor-element elementor-element-06e9334\" data-id=\"06e9334\" data-element_type=\"column\">\n\t\t\t<div class=\"elementor-widget-wrap\">\n\t\t\t\t\t\t\t<\/div>\n\t\t<\/div>\n\t\t\t\t\t<\/div>\n\t\t<\/section>\n\t\t\t\t<section class=\"elementor-section elementor-top-section elementor-element elementor-element-1a876b2 elementor-section-stretched elementor-section-boxed elementor-section-height-default elementor-section-height-default\" data-id=\"1a876b2\" data-element_type=\"section\" data-settings=\"{&quot;stretch_section&quot;:&quot;section-stretched&quot;,&quot;background_background&quot;:&quot;classic&quot;}\">\n\t\t\t\t\t\t<div class=\"elementor-container elementor-column-gap-default\">\n\t\t\t\t\t<div class=\"elementor-column elementor-col-100 elementor-top-column elementor-element elementor-element-2033cc7\" data-id=\"2033cc7\" data-element_type=\"column\">\n\t\t\t<div class=\"elementor-widget-wrap elementor-element-populated\">\n\t\t\t\t\t\t<div class=\"elementor-element elementor-element-66dbe78 elementor-widget elementor-widget-text-editor\" data-id=\"66dbe78\" data-element_type=\"widget\" data-widget_type=\"text-editor.default\">\n\t\t\t\t<div class=\"elementor-widget-container\">\n\t\t\t\t\t\t\t\t\t<p>Ktieb bi storja qasira g\u0127at-tfal miktub mill-awtri\u010bi is-Sa Silvana Cardona. Ma\u0127sub g\u0127as-snin Bikrin. Ju\u017ca storja sempli\u010bi biex jg\u0127in lit-tfal jifhmu l-emozzjonijiet, id-dispja\u010bir, u l-ma\u0127fra. Adattat g\u0127all-iskola u g\u0127ad-dar.<\/p>\t\t\t\t\t\t\t\t<\/div>\n\t\t\t\t<\/div>\n\t\t\t\t\t<\/div>\n\t\t<\/div>\n\t\t\t\t\t<\/div>\n\t\t<\/section>\n\t\t\t\t<section class=\"elementor-section elementor-top-section elementor-element elementor-element-2f84c79 elementor-section-boxed elementor-section-height-default elementor-section-height-default\" data-id=\"2f84c79\" data-element_type=\"section\">\n\t\t\t\t\t\t<div class=\"elementor-container elementor-column-gap-default\">\n\t\t\t\t\t<div class=\"elementor-column elementor-col-100 elementor-top-column elementor-element elementor-element-0f4813a\" data-id=\"0f4813a\" data-element_type=\"column\">\n\t\t\t<div class=\"elementor-widget-wrap elementor-element-populated\">\n\t\t\t\t\t\t<section class=\"elementor-section elementor-inner-section elementor-element elementor-element-a49e0e6 elementor-section-boxed elementor-section-height-default elementor-section-height-default\" data-id=\"a49e0e6\" data-element_type=\"section\">\n\t\t\t\t\t\t<div class=\"elementor-container elementor-column-gap-default\">\n\t\t\t\t\t<div class=\"elementor-column elementor-col-50 elementor-inner-column elementor-element elementor-element-a2bae64\" data-id=\"a2bae64\" data-element_type=\"column\">\n\t\t\t<div class=\"elementor-widget-wrap elementor-element-populated\">\n\t\t\t\t\t\t<div class=\"elementor-element elementor-element-92db486 elementor-widget elementor-widget-image\" data-id=\"92db486\" data-element_type=\"widget\" data-widget_type=\"image.default\">\n\t\t\t\t<div class=\"elementor-widget-container\">\n\t\t\t\t\t\t\t\t\t\t\t\t\t\t\t<img fetchpriority=\"high\" decoding=\"async\" width=\"1024\" height=\"683\" src=\"https:\/\/sds.mt\/wp-content\/uploads\/2026\/01\/DSC2213-1024x683.jpg\" class=\"attachment-large size-large wp-image-234107\" alt=\"\" srcset=\"https:\/\/sds.mt\/wp-content\/uploads\/2026\/01\/DSC2213-1024x683.jpg 1024w, https:\/\/sds.mt\/wp-content\/uploads\/2026\/01\/DSC2213-300x200.jpg 300w, https:\/\/sds.mt\/wp-content\/uploads\/2026\/01\/DSC2213-768x512.jpg 768w, https:\/\/sds.mt\/wp-content\/uploads\/2026\/01\/DSC2213-1536x1024.jpg 1536w, https:\/\/sds.mt\/wp-content\/uploads\/2026\/01\/DSC2213-2048x1365.jpg 2048w, https:\/\/sds.mt\/wp-content\/uploads\/2026\/01\/DSC2213-640x427.jpg 640w, https:\/\/sds.mt\/wp-content\/uploads\/2026\/01\/DSC2213-800x533.jpg 800w, https:\/\/sds.mt\/wp-content\/uploads\/2026\/01\/DSC2213-1200x800.jpg 1200w\" sizes=\"(max-width: 1024px) 100vw, 1024px\" \/>\t\t\t\t\t\t\t\t\t\t\t\t\t\t\t<\/div>\n\t\t\t\t<\/div>\n\t\t\t\t\t<\/div>\n\t\t<\/div>\n\t\t\t\t<div class=\"elementor-column elementor-col-50 elementor-inner-column elementor-element elementor-element-0971e01\" data-id=\"0971e01\" data-element_type=\"column\">\n\t\t\t<div class=\"elementor-widget-wrap elementor-element-populated\">\n\t\t\t\t\t\t<div class=\"elementor-element elementor-element-59ffe0f elementor-widget elementor-widget-heading\" data-id=\"59ffe0f\" data-element_type=\"widget\" data-widget_type=\"heading.default\">\n\t\t\t\t<div class=\"elementor-widget-container\">\n\t\t\t\t\t<h3 class=\"elementor-heading-title elementor-size-default\">Dwar il-ktieb<\/h3>\t\t\t\t<\/div>\n\t\t\t\t<\/div>\n\t\t\t\t<div class=\"elementor-element elementor-element-e861717 elementor-widget elementor-widget-text-editor\" data-id=\"e861717\" data-element_type=\"widget\" data-widget_type=\"text-editor.default\">\n\t\t\t\t<div class=\"elementor-widget-container\">\n\t\t\t\t\t\t\t\t\t<p>Dan il-ktieb ju\u017ca storja qrib il-\u0127ajja tat-tfal. Jg\u0127in lit-tfal jag\u0127rfu x\u2019ji\u0121ri \u0121ewwa qalbhom meta jwe\u0121\u0121g\u0127u jew meta jwe\u0121\u0121g\u0127u lil \u0127addie\u0127or.\u00a0Juri li meta na\u0127fru nibnu mill-\u0121did dak li jkun inkiser. Juri wkoll li Alla hu qrib f\u2019dawn il-mumenti ukoll.<\/p><p>Dan il-ktieb huwa addattat g\u0127at-tfal fi snin bikrin u jitratta t-temi tal-ma\u0127fra u l-\u0127biberija.<\/p>\t\t\t\t\t\t\t\t<\/div>\n\t\t\t\t<\/div>\n\t\t\t\t\t<\/div>\n\t\t<\/div>\n\t\t\t\t\t<\/div>\n\t\t<\/section>\n\t\t\t\t\t<\/div>\n\t\t<\/div>\n\t\t\t\t\t<\/div>\n\t\t<\/section>\n\t\t\t\t<section class=\"elementor-section elementor-top-section elementor-element elementor-element-175accc elementor-section-boxed elementor-section-height-default elementor-section-height-default\" data-id=\"175accc\" data-element_type=\"section\">\n\t\t\t\t\t\t<div class=\"elementor-container elementor-column-gap-default\">\n\t\t\t\t\t<div class=\"elementor-column elementor-col-100 elementor-top-column elementor-element elementor-element-85afc7e\" data-id=\"85afc7e\" data-element_type=\"column\">\n\t\t\t<div class=\"elementor-widget-wrap elementor-element-populated\">\n\t\t\t\t\t\t<div class=\"elementor-element elementor-element-f80379f elementor-widget elementor-widget-heading\" data-id=\"f80379f\" data-element_type=\"widget\" data-widget_type=\"heading.default\">\n\t\t\t\t<div class=\"elementor-widget-container\">\n\t\t\t\t\t<h3 class=\"elementor-heading-title elementor-size-default\">L-istorja fi ftit kliem<\/h3>\t\t\t\t<\/div>\n\t\t\t\t<\/div>\n\t\t\t\t<div class=\"elementor-element elementor-element-592c9ea elementor-widget elementor-widget-text-editor\" data-id=\"592c9ea\" data-element_type=\"widget\" data-widget_type=\"text-editor.default\">\n\t\t\t\t<div class=\"elementor-widget-container\">\n\t\t\t\t\t\t\t\t\t<p>Renzo jmur il-ba\u0127ar u jibni kastell fir-ramel. Tifel ie\u0127or ji\u0121ri u jwaqqalu l-kastell.\u00a0Renzo jibki. It-tifel l-ie\u0127or jindem u jitlob sku\u017ca. Renzo ja\u0127firlu. Flimkien jer\u0121g\u0127u jibnu kastell \u0121did u jsiru \u0127bieb.<\/p>\t\t\t\t\t\t\t\t<\/div>\n\t\t\t\t<\/div>\n\t\t\t\t\t<\/div>\n\t\t<\/div>\n\t\t\t\t\t<\/div>\n\t\t<\/section>\n\t\t\t\t<section class=\"elementor-section elementor-top-section elementor-element elementor-element-0dff723 elementor-section-boxed elementor-section-height-default elementor-section-height-default\" data-id=\"0dff723\" data-element_type=\"section\">\n\t\t\t\t\t\t<div class=\"elementor-container elementor-column-gap-default\">\n\t\t\t\t\t<div class=\"elementor-column elementor-col-100 elementor-top-column elementor-element elementor-element-7cef5ae\" data-id=\"7cef5ae\" data-element_type=\"column\">\n\t\t\t<div class=\"elementor-widget-wrap elementor-element-populated\">\n\t\t\t\t\t\t<div class=\"elementor-element elementor-element-c8dce57 elementor-widget elementor-widget-heading\" data-id=\"c8dce57\" data-element_type=\"widget\" data-widget_type=\"heading.default\">\n\t\t\t\t<div class=\"elementor-widget-container\">\n\t\t\t\t\t<h3 class=\"elementor-heading-title elementor-size-default\">Temi ewlenin<\/h3>\t\t\t\t<\/div>\n\t\t\t\t<\/div>\n\t\t\t\t<div class=\"elementor-element elementor-element-0646656 elementor-widget elementor-widget-text-editor\" data-id=\"0646656\" data-element_type=\"widget\" data-widget_type=\"text-editor.default\">\n\t\t\t\t<div class=\"elementor-widget-container\">\n\t\t\t\t\t\t\t\t\t<ul><li>Sku\u017ca u ma\u0127fra<\/li><li>Emozzjonijiet u dmug\u0127<\/li><li>Fejqan u bidu \u0121did<\/li><li>\u0126biberija<\/li><li>Alla qrib fil-mumenti diffi\u010bli<\/li><\/ul>\t\t\t\t\t\t\t\t<\/div>\n\t\t\t\t<\/div>\n\t\t\t\t\t<\/div>\n\t\t<\/div>\n\t\t\t\t\t<\/div>\n\t\t<\/section>\n\t\t\t\t<section class=\"elementor-section elementor-top-section elementor-element elementor-element-05688f4 elementor-section-boxed elementor-section-height-default elementor-section-height-default\" data-id=\"05688f4\" data-element_type=\"section\">\n\t\t\t\t\t\t<div class=\"elementor-container elementor-column-gap-default\">\n\t\t\t\t\t<div class=\"elementor-column elementor-col-100 elementor-top-column elementor-element elementor-element-4b4cd1d\" data-id=\"4b4cd1d\" data-element_type=\"column\">\n\t\t\t<div class=\"elementor-widget-wrap elementor-element-populated\">\n\t\t\t\t\t\t<section class=\"elementor-section elementor-inner-section elementor-element elementor-element-805ff6a elementor-section-boxed elementor-section-height-default elementor-section-height-default\" data-id=\"805ff6a\" data-element_type=\"section\">\n\t\t\t\t\t\t<div class=\"elementor-container elementor-column-gap-default\">\n\t\t\t\t\t<div class=\"elementor-column elementor-col-50 elementor-inner-column elementor-element elementor-element-2816b0e\" data-id=\"2816b0e\" data-element_type=\"column\">\n\t\t\t<div class=\"elementor-widget-wrap elementor-element-populated\">\n\t\t\t\t\t\t<div class=\"elementor-element elementor-element-a25d45d elementor-widget elementor-widget-heading\" data-id=\"a25d45d\" data-element_type=\"widget\" data-widget_type=\"heading.default\">\n\t\t\t\t<div class=\"elementor-widget-container\">\n\t\t\t\t\t<h3 class=\"elementor-heading-title elementor-size-default\">G\u0127all-edukaturi u l-\u0121enituri<\/h3>\t\t\t\t<\/div>\n\t\t\t\t<\/div>\n\t\t\t\t<div class=\"elementor-element elementor-element-e8db8c0 elementor-widget elementor-widget-text-editor\" data-id=\"e8db8c0\" data-element_type=\"widget\" data-widget_type=\"text-editor.default\">\n\t\t\t\t<div class=\"elementor-widget-container\">\n\t\t\t\t\t\t\t\t\t<p>U\u017ca din l-istorja biex tg\u0127in lit-tfal jitkellmu fuq dak li j\u0127ossu. \u017bomm il-mistoqsijiet sempli\u010bi u konkreti.<\/p><h4>Mistoqsijiet possibbli<\/h4><ul><li><span data-teams=\"true\">X\u2019\u0127ass Renzo meta waqqawlu l-kastell?<\/span><\/li><li><span data-teams=\"true\">X\u2019\u0127ass it-tifel l-ie\u0127or meta ra lil Renzo jibki?<\/span><\/li><li><span data-teams=\"true\">X\u2019bidlet l-isku\u017ca?<\/span><\/li><li><span data-teams=\"true\">X\u2019bidlet il-ma\u0127fra?<\/span><\/li><\/ul><h4>Mument qasir ta\u2019 riflessjoni<\/h4><p>Itlob lit-tfal jiktbu jew ji\u0121bdu sinjal fuq ramel jew fuq karta. Imbag\u0127ad i\u0127assruh bil-mod. Spjega li dan ifisser sku\u017ca, ma\u0127fra, u bidu \u0121did.<\/p>\t\t\t\t\t\t\t\t<\/div>\n\t\t\t\t<\/div>\n\t\t\t\t\t<\/div>\n\t\t<\/div>\n\t\t\t\t<div class=\"elementor-column elementor-col-50 elementor-inner-column elementor-element elementor-element-b7d9662\" data-id=\"b7d9662\" data-element_type=\"column\">\n\t\t\t<div class=\"elementor-widget-wrap elementor-element-populated\">\n\t\t\t\t\t\t<div class=\"elementor-element elementor-element-f8c2bfa elementor-widget elementor-widget-image\" data-id=\"f8c2bfa\" data-element_type=\"widget\" data-widget_type=\"image.default\">\n\t\t\t\t<div class=\"elementor-widget-container\">\n\t\t\t\t\t\t\t\t\t\t\t\t\t\t\t<img decoding=\"async\" width=\"1024\" height=\"683\" src=\"https:\/\/sds.mt\/wp-content\/uploads\/2026\/01\/DSC02007-1024x683.jpg\" class=\"attachment-large size-large wp-image-234105\" alt=\"\" srcset=\"https:\/\/sds.mt\/wp-content\/uploads\/2026\/01\/DSC02007-1024x683.jpg 1024w, https:\/\/sds.mt\/wp-content\/uploads\/2026\/01\/DSC02007-300x200.jpg 300w, https:\/\/sds.mt\/wp-content\/uploads\/2026\/01\/DSC02007-768x512.jpg 768w, https:\/\/sds.mt\/wp-content\/uploads\/2026\/01\/DSC02007-640x427.jpg 640w, https:\/\/sds.mt\/wp-content\/uploads\/2026\/01\/DSC02007-800x533.jpg 800w, https:\/\/sds.mt\/wp-content\/uploads\/2026\/01\/DSC02007.jpg 1200w\" sizes=\"(max-width: 1024px) 100vw, 1024px\" \/>\t\t\t\t\t\t\t\t\t\t\t\t\t\t\t<\/div>\n\t\t\t\t<\/div>\n\t\t\t\t\t<\/div>\n\t\t<\/div>\n\t\t\t\t\t<\/div>\n\t\t<\/section>\n\t\t\t\t\t<\/div>\n\t\t<\/div>\n\t\t\t\t\t<\/div>\n\t\t<\/section>\n\t\t\t\t<section class=\"elementor-section elementor-top-section elementor-element elementor-element-7bb70cf elementor-section-boxed elementor-section-height-default elementor-section-height-default\" data-id=\"7bb70cf\" data-element_type=\"section\">\n\t\t\t\t\t\t<div class=\"elementor-container elementor-column-gap-default\">\n\t\t\t\t\t<div class=\"elementor-column elementor-col-100 elementor-top-column elementor-element elementor-element-5359067\" data-id=\"5359067\" data-element_type=\"column\">\n\t\t\t<div class=\"elementor-widget-wrap elementor-element-populated\">\n\t\t\t\t\t\t<div class=\"elementor-element elementor-element-605de09 elementor-widget elementor-widget-heading\" data-id=\"605de09\" data-element_type=\"widget\" data-widget_type=\"heading.default\">\n\t\t\t\t<div class=\"elementor-widget-container\">\n\t\t\t\t\t<h3 class=\"elementor-heading-title elementor-size-default\">Illustrazzjonijiet<\/h3>\t\t\t\t<\/div>\n\t\t\t\t<\/div>\n\t\t\t\t<section class=\"elementor-section elementor-inner-section elementor-element elementor-element-cdfe6b5 elementor-section-boxed elementor-section-height-default elementor-section-height-default\" data-id=\"cdfe6b5\" data-element_type=\"section\">\n\t\t\t\t\t\t<div class=\"elementor-container elementor-column-gap-default\">\n\t\t\t\t\t<div class=\"elementor-column elementor-col-50 elementor-inner-column elementor-element elementor-element-31e3641\" data-id=\"31e3641\" data-element_type=\"column\">\n\t\t\t<div class=\"elementor-widget-wrap elementor-element-populated\">\n\t\t\t\t\t\t<div class=\"elementor-element elementor-element-0cc49c2 elementor-widget elementor-widget-image\" data-id=\"0cc49c2\" data-element_type=\"widget\" data-widget_type=\"image.default\">\n\t\t\t\t<div class=\"elementor-widget-container\">\n\t\t\t\t\t\t\t\t\t\t\t\t\t\t\t<img decoding=\"async\" width=\"1024\" height=\"510\" src=\"https:\/\/sds.mt\/wp-content\/uploads\/2026\/01\/2025-11-06-09.41.59-1-1024x510.jpg\" class=\"attachment-large size-large wp-image-234103\" alt=\"\" srcset=\"https:\/\/sds.mt\/wp-content\/uploads\/2026\/01\/2025-11-06-09.41.59-1-1024x510.jpg 1024w, https:\/\/sds.mt\/wp-content\/uploads\/2026\/01\/2025-11-06-09.41.59-1-300x149.jpg 300w, https:\/\/sds.mt\/wp-content\/uploads\/2026\/01\/2025-11-06-09.41.59-1-768x382.jpg 768w, https:\/\/sds.mt\/wp-content\/uploads\/2026\/01\/2025-11-06-09.41.59-1-640x319.jpg 640w, https:\/\/sds.mt\/wp-content\/uploads\/2026\/01\/2025-11-06-09.41.59-1-800x398.jpg 800w, https:\/\/sds.mt\/wp-content\/uploads\/2026\/01\/2025-11-06-09.41.59-1.jpg 1167w\" sizes=\"(max-width: 1024px) 100vw, 1024px\" \/>\t\t\t\t\t\t\t\t\t\t\t\t\t\t\t<\/div>\n\t\t\t\t<\/div>\n\t\t\t\t\t<\/div>\n\t\t<\/div>\n\t\t\t\t<div class=\"elementor-column elementor-col-50 elementor-inner-column elementor-element elementor-element-5e52634\" data-id=\"5e52634\" data-element_type=\"column\">\n\t\t\t<div class=\"elementor-widget-wrap elementor-element-populated\">\n\t\t\t\t\t\t<div class=\"elementor-element elementor-element-0610fe6 elementor-widget elementor-widget-text-editor\" data-id=\"0610fe6\" data-element_type=\"widget\" data-widget_type=\"text-editor.default\">\n\t\t\t\t<div class=\"elementor-widget-container\">\n\t\t\t\t\t\t\t\t\t<p>L-illustrazzjonijiet fuq kull pa\u0121na tal-ktieb jg\u0127in l-animatur jispjega l-mumenti varji tal-istorja. Dawn huma xog\u0127ol Dorielle Borg.<\/p>\t\t\t\t\t\t\t\t<\/div>\n\t\t\t\t<\/div>\n\t\t\t\t\t<\/div>\n\t\t<\/div>\n\t\t\t\t\t<\/div>\n\t\t<\/section>\n\t\t\t\t\t<\/div>\n\t\t<\/div>\n\t\t\t\t\t<\/div>\n\t\t<\/section>\n\t\t\t\t<\/div>\n\t\t","protected":false},"excerpt":{"rendered":"<p>Ktieb bi storja qasira g\u0127at-tfal miktub mill-awtri\u010bi is-Sa Silvana Cardona. Ma\u0127sub g\u0127as-snin Bikrin. Ju\u017ca storja sempli\u010bi biex jg\u0127in lit-tfal jifhmu l-emozzjonijiet, id-dispja\u010bir, u l-ma\u0127fra. Adattat g\u0127all-iskola u g\u0127ad-dar.<\/p>\n<p> Dwar il-ktieb <\/p>\n<p>Dan il-ktieb ju\u017ca storja qrib il-\u0127ajja tat-tfal. Jg\u0127in lit-tfal jag\u0127rfu x\u2019ji\u0121ri \u0121ewwa qalbhom meta jwe\u0121\u0121g\u0127u jew meta jwe\u0121\u0121g\u0127u lil \u0127addie\u0127or.\u00a0Juri li meta na\u0127fru nibnu mill-\u0121did dak li jkun inkiser. Juri wkoll li Alla hu qrib f\u2019dawn il-mumenti ukoll&#8230;<\/p>\n<p> <a href=\"https:\/\/sds.mt\/mt\/kastell-fir-ramel-sandcastle\/\">Kompli aqra&#160;&raquo;<\/a><\/p>\n","protected":false},"author":1,"featured_media":234107,"parent":0,"menu_order":0,"comment_status":"closed","ping_status":"closed","template":"page-templates\/full-width-nothumb.php","meta":{"footnotes":""},"class_list":["post-234111","page","type-page","status-publish","has-post-thumbnail","hentry"],"toolset-meta":{"custom-fields":{"subtitle":{"type":"textfield","raw":""}}},"_links":{"self":[{"href":"https:\/\/sds.mt\/mt\/wp-json\/wp\/v2\/pages\/234111","targetHints":{"allow":["GET"]}}],"collection":[{"href":"https:\/\/sds.mt\/mt\/wp-json\/wp\/v2\/pages"}],"about":[{"href":"https:\/\/sds.mt\/mt\/wp-json\/wp\/v2\/types\/page"}],"author":[{"embeddable":true,"href":"https:\/\/sds.mt\/mt\/wp-json\/wp\/v2\/users\/1"}],"replies":[{"embeddable":true,"href":"https:\/\/sds.mt\/mt\/wp-json\/wp\/v2\/comments?post=234111"}],"version-history":[{"count":5,"href":"https:\/\/sds.mt\/mt\/wp-json\/wp\/v2\/pages\/234111\/revisions"}],"predecessor-version":[{"id":234117,"href":"https:\/\/sds.mt\/mt\/wp-json\/wp\/v2\/pages\/234111\/revisions\/234117"}],"wp:featuredmedia":[{"embeddable":true,"href":"https:\/\/sds.mt\/mt\/wp-json\/wp\/v2\/media\/234107"}],"wp:attachment":[{"href":"https:\/\/sds.mt\/mt\/wp-json\/wp\/v2\/media?parent=234111"}],"curies":[{"name":"wp","href":"https:\/\/api.w.org\/{rel}","templated":true}]}}